{"id":29,"date":"2019-08-07T10:55:22","date_gmt":"2019-08-07T08:55:22","guid":{"rendered":"http:\/\/magasin-lantheaume.fr\/?page_id=29"},"modified":"2020-07-13T16:11:48","modified_gmt":"2020-07-13T14:11:48","slug":"chaussures","status":"publish","type":"page","link":"https:\/\/magasin-lantheaume.fr\/?page_id=29","title":{"rendered":"Chaussures"},"content":{"rendered":"<p>[et_pb_section fb_built=\u00a0\u00bb1&Prime; admin_label=\u00a0\u00bbHero Section\u00a0\u00bb _builder_version=\u00a0\u00bb3.26.4&Prime; use_background_color_gradient=\u00a0\u00bbon\u00a0\u00bb background_color_gradient_start=\u00a0\u00bbrgba(244,240,233,0.9)\u00a0\u00bb background_color_gradient_end=\u00a0\u00bbrgba(244,240,233,0)\u00a0\u00bb background_color_gradient_direction=\u00a0\u00bb90deg\u00a0\u00bb background_color_gradient_start_position=\u00a0\u00bb30%\u00a0\u00bb background_color_gradient_overlays_image=\u00a0\u00bbon\u00a0\u00bb background_image=\u00a0\u00bbhttp:\/\/magasin-lantheaume.fr\/wp-content\/uploads\/2019\/08\/Shoes.jpg\u00a0\u00bb min_height=\u00a0\u00bb302px\u00a0\u00bb custom_margin=\u00a0\u00bb|||\u00a0\u00bb custom_padding=\u00a0\u00bb119px|0px|100px|0px||\u00a0\u00bb][et_pb_row custom_padding=\u00a0\u00bb27px|0px|0px|0px\u00a0\u00bb custom_padding_last_edited=\u00a0\u00bboff|desktop\u00a0\u00bb admin_label=\u00a0\u00bbHero Area\u00a0\u00bb _builder_version=\u00a0\u00bb3.25&Prime;][et_pb_column type=\u00a0\u00bb4_4&Prime; _builder_version=\u00a0\u00bb3.25&Prime; custom_padding=\u00a0\u00bb|||\u00a0\u00bb custom_padding__hover=\u00a0\u00bb|||\u00a0\u00bb][et_pb_text admin_label=\u00a0\u00bbHero Title\u00a0\u00bb _builder_version=\u00a0\u00bb3.0.92&Prime; text_font=\u00a0\u00bbPlayfair Display||||||||\u00a0\u00bb header_font=\u00a0\u00bbAlice||||||||\u00a0\u00bb header_font_size=\u00a0\u00bb80px\u00a0\u00bb header_letter_spacing=\u00a0\u00bb-3px\u00a0\u00bb header_line_height=\u00a0\u00bb1.1em\u00a0\u00bb custom_margin=\u00a0\u00bb||0px|\u00a0\u00bb custom_padding=\u00a0\u00bb|||\u00a0\u00bb animation_style=\u00a0\u00bbslide\u00a0\u00bb animation_direction=\u00a0\u00bbleft\u00a0\u00bb animation_intensity_slide=\u00a0\u00bb5%\u00a0\u00bb animation_starting_opacity=\u00a0\u00bb100%\u00a0\u00bb text_font_size_last_edited=\u00a0\u00bboff|desktop\u00a0\u00bb header_font_size_phone=\u00a0\u00bb60px\u00a0\u00bb header_font_size_last_edited=\u00a0\u00bbon|phone\u00a0\u00bb]<\/p>\n<h1>Nos Chaussures<\/h1>\n<p>[\/et_pb_text][\/et_pb_column][\/et_pb_row][\/et_pb_section][et_pb_section fb_built=\u00a0\u00bb1&Prime; admin_label=\u00a0\u00bbGallery Section\u00a0\u00bb _builder_version=\u00a0\u00bb3.22&Prime; custom_padding=\u00a0\u00bb0px||90px|\u00a0\u00bb][et_pb_row column_structure=\u00a0\u00bb1_3,1_3,1_3&Prime; use_custom_gutter=\u00a0\u00bbon\u00a0\u00bb custom_padding=\u00a0\u00bb30px|0px|27px|0px|false|false\u00a0\u00bb admin_label=\u00a0\u00bbGallery Area\u00a0\u00bb _builder_version=\u00a0\u00bb3.26.4&Prime; min_height=\u00a0\u00bb1371px\u00a0\u00bb][et_pb_column type=\u00a0\u00bb1_3&Prime; _builder_version=\u00a0\u00bb3.25&Prime; custom_padding=\u00a0\u00bb|||\u00a0\u00bb custom_padding__hover=\u00a0\u00bb|||\u00a0\u00bb][et_pb_image src=\u00a0\u00bbhttp:\/\/magasin-lantheaume.fr\/wp-content\/uploads\/2019\/08\/Asics-Gel-Pulse-9-T7D3N-4930.jpg\u00a0\u00bb show_in_lightbox=\u00a0\u00bbon\u00a0\u00bb force_fullwidth=\u00a0\u00bbon\u00a0\u00bb align_tablet=\u00a0\u00bbcenter\u00a0\u00bb align_last_edited=\u00a0\u00bbon|desktop\u00a0\u00bb _builder_version=\u00a0\u00bb3.26.4&Prime; custom_margin=\u00a0\u00bb|||\u00a0\u00bb custom_padding=\u00a0\u00bb||11%|\u00a0\u00bb animation_style=\u00a0\u00bbfade\u00a0\u00bb][\/et_pb_image][et_pb_text _builder_version=\u00a0\u00bb3.26.4&Prime;]<\/p>\n<h4 style=\"text-align: center;\"><span><strong>Asics<\/strong> <\/span><\/h4>\n<h4 style=\"text-align: center;\"><span>\u00c9levez d&rsquo;un cran vos performances avec les chaussures\u00a0<\/span><em>ASICS.<\/em><\/h4>\n<p>[\/et_pb_text][et_pb_image src=\u00a0\u00bbhttp:\/\/magasin-lantheaume.fr\/wp-content\/uploads\/2019\/08\/levis-baskets-almayer-homme.jpg\u00a0\u00bb show_in_lightbox=\u00a0\u00bbon\u00a0\u00bb force_fullwidth=\u00a0\u00bbon\u00a0\u00bb align_tablet=\u00a0\u00bbcenter\u00a0\u00bb align_last_edited=\u00a0\u00bbon|desktop\u00a0\u00bb _builder_version=\u00a0\u00bb3.26.4&Prime; custom_margin=\u00a0\u00bb|||\u00a0\u00bb custom_padding=\u00a0\u00bb||15px|\u00a0\u00bb animation_style=\u00a0\u00bbfade\u00a0\u00bb][\/et_pb_image][et_pb_text _builder_version=\u00a0\u00bb3.26.4&Prime;]<\/p>\n<h4 style=\"text-align: center;\"><strong>Levi&rsquo;s\u00a0<\/strong><\/h4>\n<h4 style=\"text-align: center;\">La collection de\u00a0<em>chaussures<\/em>\u00a0homme\u00a0<em>levi&rsquo;s\u00a0<\/em>pour donner une touche moderne \u00e0 votre tenue.\u00a0<\/h4>\n<p>[\/et_pb_text][et_pb_image src=\u00a0\u00bbhttp:\/\/magasin-lantheaume.fr\/wp-content\/uploads\/2019\/08\/haviana.jpg\u00a0\u00bb show_in_lightbox=\u00a0\u00bbon\u00a0\u00bb force_fullwidth=\u00a0\u00bbon\u00a0\u00bb align_tablet=\u00a0\u00bbcenter\u00a0\u00bb align_last_edited=\u00a0\u00bbon|desktop\u00a0\u00bb _builder_version=\u00a0\u00bb3.26.4&Prime; custom_margin=\u00a0\u00bb|||\u00a0\u00bb custom_padding=\u00a0\u00bb||11%|\u00a0\u00bb animation_style=\u00a0\u00bbfade\u00a0\u00bb][\/et_pb_image][et_pb_text _builder_version=\u00a0\u00bb3.26.4&Prime;]<\/p>\n<h4 style=\"text-align: center;\"><strong>Havaianas<\/strong><\/h4>\n<h4 style=\"text-align: center;\">Tongs originales et authentiques du Br\u00e9sil disponibles dans diff\u00e9rentes couleurs.<\/h4>\n<p>[\/et_pb_text][\/et_pb_column][et_pb_column type=\u00a0\u00bb1_3&Prime; _builder_version=\u00a0\u00bb3.25&Prime; custom_padding=\u00a0\u00bb|||\u00a0\u00bb custom_padding__hover=\u00a0\u00bb|||\u00a0\u00bb][et_pb_image src=\u00a0\u00bbhttp:\/\/magasin-lantheaume.fr\/wp-content\/uploads\/2019\/08\/naturalista.jpg\u00a0\u00bb show_in_lightbox=\u00a0\u00bbon\u00a0\u00bb force_fullwidth=\u00a0\u00bbon\u00a0\u00bb align_tablet=\u00a0\u00bbcenter\u00a0\u00bb align_last_edited=\u00a0\u00bbon|desktop\u00a0\u00bb _builder_version=\u00a0\u00bb3.26.4&Prime; custom_margin=\u00a0\u00bb|||\u00a0\u00bb custom_padding=\u00a0\u00bb||11%|\u00a0\u00bb animation_style=\u00a0\u00bbfade\u00a0\u00bb][\/et_pb_image][et_pb_text _builder_version=\u00a0\u00bb3.26.4&Prime;]<\/p>\n<h4 style=\"text-align: center;\"><b>El Naturalista<\/b><\/h4>\n<h4 style=\"text-align: center;\"><span>Des chaussures pour les voyageurs infatigables, amoureux de la nature.<\/span><\/h4>\n<p>[\/et_pb_text][et_pb_image src=\u00a0\u00bbhttp:\/\/magasin-lantheaume.fr\/wp-content\/uploads\/2019\/08\/16103_ibiza103_206461_carmin-kombi_ladies_ss19_rrp_75.00_1-resized.jpg\u00a0\u00bb show_in_lightbox=\u00a0\u00bbon\u00a0\u00bb force_fullwidth=\u00a0\u00bbon\u00a0\u00bb align_tablet=\u00a0\u00bbcenter\u00a0\u00bb align_last_edited=\u00a0\u00bbon|desktop\u00a0\u00bb _builder_version=\u00a0\u00bb3.26.4&Prime; custom_margin=\u00a0\u00bb|||\u00a0\u00bb custom_padding=\u00a0\u00bb||11%|\u00a0\u00bb animation_style=\u00a0\u00bbfade\u00a0\u00bb][\/et_pb_image][et_pb_text _builder_version=\u00a0\u00bb3.26.4&Prime;]<\/p>\n<h4 style=\"text-align: center;\"><strong>Romika &#8211; Seibel<\/strong><\/h4>\n<h4 style=\"text-align: center;\"><span>Connue pour ses chaussons, propose \u00e9galement baskets, nu-pieds, bottines, ballerines, pour femme &amp; homme.<\/span><\/h4>\n<p>[\/et_pb_text][et_pb_image src=\u00a0\u00bbhttp:\/\/magasin-lantheaume.fr\/wp-content\/uploads\/2019\/08\/67696106_1240332969482086_4108587327629033472_n.jpg\u00a0\u00bb show_in_lightbox=\u00a0\u00bbon\u00a0\u00bb force_fullwidth=\u00a0\u00bbon\u00a0\u00bb align_tablet=\u00a0\u00bbcenter\u00a0\u00bb align_last_edited=\u00a0\u00bbon|desktop\u00a0\u00bb _builder_version=\u00a0\u00bb3.26.4&Prime; custom_margin=\u00a0\u00bb|||\u00a0\u00bb custom_padding=\u00a0\u00bb||11%|\u00a0\u00bb animation_style=\u00a0\u00bbfade\u00a0\u00bb][\/et_pb_image][et_pb_text _builder_version=\u00a0\u00bb3.26.4&Prime;]<\/p>\n<h4 style=\"text-align: center;\"><strong>Laura Vita<\/strong><\/h4>\n<h4 style=\"text-align: center;\"><span>Laura Vita est une marque fran\u00e7aise sp\u00e9cialis\u00e9e dans les chaussures pour femmes. Vous trouverez une large collection de nu-pieds, sandales, mules, escarpins, ballerines, boots, et bottes, dans une farandole de coloris et de cuirs nobles.<\/span><\/h4>\n<p>[\/et_pb_text][\/et_pb_column][et_pb_column type=\u00a0\u00bb1_3&Prime; _builder_version=\u00a0\u00bb3.25&Prime; custom_padding=\u00a0\u00bb|||\u00a0\u00bb custom_padding__hover=\u00a0\u00bb|||\u00a0\u00bb][et_pb_image src=\u00a0\u00bbhttp:\/\/magasin-lantheaume.fr\/wp-content\/uploads\/2019\/08\/lfg2149-5967-m-atakama-ii-noir_5.jpg\u00a0\u00bb show_in_lightbox=\u00a0\u00bbon\u00a0\u00bb force_fullwidth=\u00a0\u00bbon\u00a0\u00bb align_tablet=\u00a0\u00bbcenter\u00a0\u00bb align_last_edited=\u00a0\u00bbon|desktop\u00a0\u00bb _builder_version=\u00a0\u00bb3.26.4&Prime; custom_margin=\u00a0\u00bb|||\u00a0\u00bb custom_padding=\u00a0\u00bb||11%|\u00a0\u00bb animation_style=\u00a0\u00bbfade\u00a0\u00bb][\/et_pb_image][et_pb_text _builder_version=\u00a0\u00bb3.26.4&Prime;]<\/p>\n<h4 style=\"text-align: center;\"><b>Lafuma<\/b><\/h4>\n<h4 style=\"text-align: center;\">Sp\u00e9cialement con\u00e7ue pour les amateurs de marche sportive comme de marche plaisir.<\/h4>\n<p>[\/et_pb_text][et_pb_image src=\u00a0\u00bbhttp:\/\/magasin-lantheaume.fr\/wp-content\/uploads\/2019\/08\/monaco_or_marine_4b.jpg\u00a0\u00bb show_in_lightbox=\u00a0\u00bbon\u00a0\u00bb force_fullwidth=\u00a0\u00bbon\u00a0\u00bb align_tablet=\u00a0\u00bbcenter\u00a0\u00bb align_last_edited=\u00a0\u00bbon|desktop\u00a0\u00bb _builder_version=\u00a0\u00bb3.26.4&Prime; custom_margin=\u00a0\u00bb|||\u00a0\u00bb custom_padding=\u00a0\u00bb||11%|\u00a0\u00bb animation_style=\u00a0\u00bbfade\u00a0\u00bb][\/et_pb_image][et_pb_text _builder_version=\u00a0\u00bb3.26.4&Prime;]<\/p>\n<h4 style=\"text-align: center;\"><strong>Les tropeziennes\u00a0<\/strong><\/h4>\n<h4 style=\"text-align: center;\"><span>La cr\u00e9ation Fran\u00e7aise s&rsquo;exprime gr\u00e2ce aux mati\u00e8res naturelles, les cuirs sont iris\u00e9s, ils sont tress\u00e9s, parfois d\u00e9coup\u00e9s, et surtout cousus, ils repr\u00e9sentent la marque de fabrique de ces chaussures ind\u00e9modables.<\/span><\/h4>\n<p>[\/et_pb_text][et_pb_image src=\u00a0\u00bbhttp:\/\/magasin-lantheaume.fr\/wp-content\/uploads\/2019\/08\/palladium.jpg\u00a0\u00bb show_in_lightbox=\u00a0\u00bbon\u00a0\u00bb force_fullwidth=\u00a0\u00bbon\u00a0\u00bb align_tablet=\u00a0\u00bbcenter\u00a0\u00bb align_last_edited=\u00a0\u00bbon|desktop\u00a0\u00bb _builder_version=\u00a0\u00bb3.26.4&Prime; custom_margin=\u00a0\u00bb|||\u00a0\u00bb custom_padding=\u00a0\u00bb||11%|\u00a0\u00bb animation_style=\u00a0\u00bbfade\u00a0\u00bb][\/et_pb_image][et_pb_text _builder_version=\u00a0\u00bb3.26.4&Prime;]<\/p>\n<h4 style=\"text-align: center;\"><strong>Palladium<\/strong><\/h4>\n<h4 style=\"text-align: center;\">Depuis pr\u00e8s d&rsquo;un si\u00e8cle,\u00a0Palladium\u00a0est synonyme d&rsquo;aventures et de d\u00e9couvertes.<\/h4>\n<p>[\/et_pb_text][\/et_pb_column][\/et_pb_row][\/et_pb_section]<\/p>\n","protected":false},"excerpt":{"rendered":"<p>[et_pb_section fb_built=\u00a0\u00bb1&Prime; admin_label=\u00a0\u00bbHero Section\u00a0\u00bb _builder_version=\u00a0\u00bb3.26.4&Prime; use_background_color_gradient=\u00a0\u00bbon\u00a0\u00bb background_color_gradient_start=\u00a0\u00bbrgba(244,240,233,0.9)\u00a0\u00bb background_color_gradient_end=\u00a0\u00bbrgba(244,240,233,0)\u00a0\u00bb background_color_gradient_direction=\u00a0\u00bb90deg\u00a0\u00bb background_color_gradient_start_position=\u00a0\u00bb30%\u00a0\u00bb background_color_gradient_overlays_image=\u00a0\u00bbon\u00a0\u00bb background_image=\u00a0\u00bbhttp:\/\/magasin-lantheaume.fr\/wp-content\/uploads\/2019\/08\/Shoes.jpg\u00a0\u00bb min_height=\u00a0\u00bb302px\u00a0\u00bb custom_margin=\u00a0\u00bb|||\u00a0\u00bb custom_padding=\u00a0\u00bb119px|0px|100px|0px||\u00a0\u00bb][et_pb_row custom_padding=\u00a0\u00bb27px|0px|0px|0px\u00a0\u00bb custom_padding_last_edited=\u00a0\u00bboff|desktop\u00a0\u00bb admin_label=\u00a0\u00bbHero Area\u00a0\u00bb _builder_version=\u00a0\u00bb3.25&Prime;][et_pb_column type=\u00a0\u00bb4_4&Prime; _builder_version=\u00a0\u00bb3.25&Prime; custom_padding=\u00a0\u00bb|||\u00a0\u00bb custom_padding__hover=\u00a0\u00bb|||\u00a0\u00bb][et_pb_text admin_label=\u00a0\u00bbHero Title\u00a0\u00bb _builder_version=\u00a0\u00bb3.0.92&Prime; text_font=\u00a0\u00bbPlayfair Display||||||||\u00a0\u00bb header_font=\u00a0\u00bbAlice||||||||\u00a0\u00bb header_font_size=\u00a0\u00bb80px\u00a0\u00bb header_letter_spacing=\u00a0\u00bb-3px\u00a0\u00bb header_line_height=\u00a0\u00bb1.1em\u00a0\u00bb custom_margin=\u00a0\u00bb||0px|\u00a0\u00bb custom_padding=\u00a0\u00bb|||\u00a0\u00bb animation_style=\u00a0\u00bbslide\u00a0\u00bb animation_direction=\u00a0\u00bbleft\u00a0\u00bb animation_intensity_slide=\u00a0\u00bb5%\u00a0\u00bb animation_starting_opacity=\u00a0\u00bb100%\u00a0\u00bb text_font_size_last_edited=\u00a0\u00bboff|desktop\u00a0\u00bb header_font_size_phone=\u00a0\u00bb60px\u00a0\u00bb header_font_size_last_edited=\u00a0\u00bbon|phone\u00a0\u00bb] Nos Chaussures [\/et_pb_text][\/et_pb_column][\/et_pb_row][\/et_pb_section][et_pb_section fb_built=\u00a0\u00bb1&Prime; admin_label=\u00a0\u00bbGallery Section\u00a0\u00bb _builder_version=\u00a0\u00bb3.22&Prime; custom_padding=\u00a0\u00bb0px||90px|\u00a0\u00bb][et_pb_row column_structure=\u00a0\u00bb1_3,1_3,1_3&Prime; use_custom_gutter=\u00a0\u00bbon\u00a0\u00bb custom_padding=\u00a0\u00bb30px|0px|27px|0px|false|false\u00a0\u00bb admin_label=\u00a0\u00bbGallery Area\u00a0\u00bb [&hellip;]<\/p>\n","protected":false},"author":1,"featured_media":0,"parent":0,"menu_order":0,"comment_status":"closed","ping_status":"closed","template":"","meta":{"_et_pb_use_builder":"on","_et_pb_old_content":"<!-- wp:divi\/placeholder \/-->"},"_links":{"self":[{"href":"https:\/\/magasin-lantheaume.fr\/index.php?rest_route=\/wp\/v2\/pages\/29"}],"collection":[{"href":"https:\/\/magasin-lantheaume.fr\/index.php?rest_route=\/wp\/v2\/pages"}],"about":[{"href":"https:\/\/magasin-lantheaume.fr\/index.php?rest_route=\/wp\/v2\/types\/page"}],"author":[{"embeddable":true,"href":"https:\/\/magasin-lantheaume.fr\/index.php?rest_route=\/wp\/v2\/users\/1"}],"replies":[{"embeddable":true,"href":"https:\/\/magasin-lantheaume.fr\/index.php?rest_route=%2Fwp%2Fv2%2Fcomments&post=29"}],"version-history":[{"count":9,"href":"https:\/\/magasin-lantheaume.fr\/index.php?rest_route=\/wp\/v2\/pages\/29\/revisions"}],"predecessor-version":[{"id":338,"href":"https:\/\/magasin-lantheaume.fr\/index.php?rest_route=\/wp\/v2\/pages\/29\/revisions\/338"}],"wp:attachment":[{"href":"https:\/\/magasin-lantheaume.fr\/index.php?rest_route=%2Fwp%2Fv2%2Fmedia&parent=29"}],"curies":[{"name":"wp","href":"https:\/\/api.w.org\/{rel}","templated":true}]}}